{"id":2,"date":"2025-01-15T13:43:03","date_gmt":"2025-01-15T13:43:03","guid":{"rendered":"http:\/\/nicam.g51test.nl\/?page_id=2"},"modified":"2025-09-19T13:44:17","modified_gmt":"2025-09-19T13:44:17","slug":"voorbeeld-pagina","status":"publish","type":"page","link":"https:\/\/nicam.g51test.nl\/en\/","title":{"rendered":"E-learning"},"content":{"rendered":"\n<p><strong>Welkom bij de Kijkwijzer e-learning!<\/strong><\/p>\n\n\n\n<div class=\"wp-block-columns has-2-columns\">\n<div class=\"wp-block-column\" style=\"flex-basis:66.66%\">\n<p>Via deze e-learning volg je een opleiding tot Kijkwijzercodeur. Als codeur kun je voor jouw organisatie films, series en programma\u2019s gaan classificeren aan de hand van het Kijkwijzersysteem. Met Kijkwijzer geef je leeftijdsadviezen om kinderen te beschermen tegen beelden die mogelijk schadelijke voor hen zijn. Het hoe, wat en waarom ga je allemaal leren in deze e-learning.<\/p>\n<\/div>\n\n\n\n<div class=\"wp-block-column\" style=\"flex-basis:33.33%\">\n<div class=\"wp-block-essential-blocks-advanced-image  root-eb-advanced-image-pb6t4\"><div class=\"eb-parent-wrapper eb-parent-eb-advanced-image-pb6t4 \"><figure class=\"eb-advanced-image-wrapper eb-advanced-image-pb6t4 no-effect\" data-id=\"eb-advanced-image-pb6t4\"><div class=\"eb-image-wrapper\"><div class=\"eb-image-wrapper-inner eb-img-style-rounded\"><img decoding=\"async\" src=\"http:\/\/nicam.g51test.nl\/wp-content\/uploads\/2025\/03\/achtergrond-balken.png\" alt=\"\"\/><\/div><\/div><\/figure><\/div><\/div>\n<\/div>\n<\/div>\n\n\n\n<h2 class=\"wp-block-heading\">Opbouw<\/h2>\n\n\n\n<p>De training bestaat uit modules die je in volgorde \u00e9\u00e9n voor \u00e9en doorloopt. Alle modules bestaan uit hoofdstukken met uitleg, achtergrondinformatie, oefeningen, fragmenten en quizzen. Doorloop de modules in je eigen tempo.<\/p>\n\n\n\n<p>De opleiding bestaat uit de volgende modules:&nbsp;<\/p>\n\n\n\n<ol style=\"font-style:normal;font-weight:700\" class=\"wp-block-list has-medium-font-size\">\n<li class=\"has-text-color has-link-color has-medium-font-size wp-elements-96c6f7eab8f8236622d65a3978393669\" style=\"color:#2b67fe\">Inleiding<strong>, wat is Kijkwijzer?<\/strong><\/li>\n\n\n\n<li class=\"has-text-color has-link-color has-medium-font-size wp-elements-c6338fcd22efe4204b0cfb62103c56a8\" style=\"color:#2b67fe\">Leren classificeren, <strong>van geweld tot groftaalgebruik<\/strong><\/li>\n\n\n\n<li class=\"has-text-color has-link-color has-medium-font-size wp-elements-1678a686836ebe6307535a408a4e2267\" style=\"color:#2b67fe\">Toepassing, <strong>hoe moet ik het gebruiken?<\/strong><\/li>\n\n\n\n<li class=\"has-text-color has-link-color has-medium-font-size wp-elements-b31c1195851b82a6d11378e2101d94d6\" style=\"color:#2b67fe\">Examen, <strong>eindtoets<\/strong><\/li>\n<\/ol>\n\n\n\n<p><\/p>\n\n\n\n<div class=\"wp-block-essential-blocks-wrapper  root-eb-wrapper-pbq0p\"><div class=\"eb-parent-wrapper eb-parent-eb-wrapper-pbq0p \"><div class=\"eb-wrapper-outer eb-wrapper-pbq0p\"><div class=\"eb-wrapper-inner\"><div class=\"eb-wrapper-inner-blocks eb-wrapper-align-center\">\n<ul class=\"wp-block-list\">\n<li><strong>Neem pauzes! <\/strong>De ingeschatte duur van de e-learning is 8 uur. Dit is teveel om achter elkaar door te nemen, dus neem geregeld pauze of een lange break. Je hebt 2 weken de tijd om de e-learning te doorlopen en af te ronden middels het examen.<\/li>\n\n\n\n<li><strong>Stel gerust vragen! <\/strong>Heb je tussentijds vragen of zijn er zaken waar je tegenaan loopt, neem dan contact op met de helpdesk:&nbsp;<a href=\"mailto:info@helpdesk.nl\" target=\"_blank\" rel=\"noreferrer noopener\">info@helpdesk.nl<\/a>. De helpdesk is er ter ondersteuning en heeft een antwoord op al je vragen!<\/li>\n<\/ul>\n<\/div><\/div><\/div><\/div><\/div>\n\n\n\n<p><\/p>\n\n\n\n<h2 class=\"wp-block-heading\">Modules<\/h2>\n\n\n\n\n\n<div class=\"wp-block-columns has-2-columns\">\n<div class=\"wp-block-column\" style=\"flex-basis:66.66%\"><\/div>\n\n\n\n<div class=\"wp-block-column\" style=\"flex-basis:33.33%\"><\/div>\n<\/div>\n\n\n\n<div class=\"wp-block-columns has-2-columns\">\n<div class=\"wp-block-column\" style=\"flex-basis:66.66%\"><div class=\"learndash-wrap\"><div id=\"ld-course-list-content-44be70494b659672f676d516e7052276\" class=\"ld-course-list-content\" data-shortcode-atts=\"{&quot;course_id&quot;:3462,&quot;course_grid&quot;:&quot;true&quot;,&quot;post_type&quot;:&quot;sfwd-lessons&quot;,&quot;mycourses&quot;:false,&quot;status&quot;:false,&quot;post__in&quot;:[3464,3466,3468,3469],&quot;order&quot;:&quot;ASC&quot;,&quot;orderby&quot;:&quot;post__in&quot;}\">\n\t\t\t<div class=\"ld-course-list-items row\">\n\t<!-- LearnDash Course Grid v1 --><div class=\"ld_course_grid col-sm-8 col-md-4 \">\n\t<article id=\"post-3464\" class=\" thumbnail course post-3464 sfwd-lessons type-sfwd-lessons status-publish hentry\">\n\t\t\t\t\t\n\t\t\t\t\t\t<a\n\t\t\t\taria-hidden=\"true\"\n\t\t\t\thref=\"https:\/\/nicam.g51test.nl\/en\/courses\/seks-discriminatie-drugs-alcohol-roken-en-grof-taalgebruik-2\/lessons\/seks-2-2\/\"\n\t\t\t\ttabindex=\"-1\"\n\t\t\t>\n\t\t\t\t<img\n\t\t\t\t\talt=\"Sex\"\n\t\t\t\t\tsrc=\"https:\/\/nicam.g51test.nl\/wp-content\/plugins\/sfwd-lms\/includes\/course-grid\/assets\/img\/thumbnail.jpg\"\n\t\t\t\t\/>\n\t\t\t<\/a>\n\t\t\t\t\t\n\t\t\t\t\t<div class=\"caption\">\n\t\t\t\t<h3 class=\"entry-title\">Sex<\/h3>\n\t\t\t\t\t\t\t\t<div class=\"ld_course_grid_button\">\n\t\t\t\t\t<a\n\t\t\t\t\t\taria-label=\"See More: Sex\"\n\t\t\t\t\t\tclass=\"btn btn-primary\"\n\t\t\t\t\t\thref=\"https:\/\/nicam.g51test.nl\/en\/courses\/seks-discriminatie-drugs-alcohol-roken-en-grof-taalgebruik-2\/lessons\/seks-2-2\/\"\n\t\t\t\t\t>\n\t\t\t\t\t\tSee More\t\t\t\t\t<\/a>\n\t\t\t\t<\/div>\n\t\t\t\t\t\t\t<\/div><!-- .entry-header -->\n\t\t\t<\/article><!-- #post-## -->\n<\/div><!-- .ld_course_grid -->\n<!-- LearnDash Course Grid v1 --><div class=\"ld_course_grid col-sm-8 col-md-4 \">\n\t<article id=\"post-3466\" class=\" thumbnail course post-3466 sfwd-lessons type-sfwd-lessons status-publish hentry\">\n\t\t\t\t\t\n\t\t\t\t\t\t<a\n\t\t\t\taria-hidden=\"true\"\n\t\t\t\thref=\"https:\/\/nicam.g51test.nl\/en\/courses\/seks-discriminatie-drugs-alcohol-roken-en-grof-taalgebruik-2\/lessons\/discriminatie-2\/\"\n\t\t\t\ttabindex=\"-1\"\n\t\t\t>\n\t\t\t\t<img\n\t\t\t\t\talt=\"Discrimination\"\n\t\t\t\t\tsrc=\"https:\/\/nicam.g51test.nl\/wp-content\/plugins\/sfwd-lms\/includes\/course-grid\/assets\/img\/thumbnail.jpg\"\n\t\t\t\t\/>\n\t\t\t<\/a>\n\t\t\t\t\t\n\t\t\t\t\t<div class=\"caption\">\n\t\t\t\t<h3 class=\"entry-title\">Discrimination<\/h3>\n\t\t\t\t\t\t\t\t<div class=\"ld_course_grid_button\">\n\t\t\t\t\t<a\n\t\t\t\t\t\taria-label=\"See More: Discrimination\"\n\t\t\t\t\t\tclass=\"btn btn-primary\"\n\t\t\t\t\t\thref=\"https:\/\/nicam.g51test.nl\/en\/courses\/seks-discriminatie-drugs-alcohol-roken-en-grof-taalgebruik-2\/lessons\/discriminatie-2\/\"\n\t\t\t\t\t>\n\t\t\t\t\t\tSee More\t\t\t\t\t<\/a>\n\t\t\t\t<\/div>\n\t\t\t\t\t\t\t<\/div><!-- .entry-header -->\n\t\t\t<\/article><!-- #post-## -->\n<\/div><!-- .ld_course_grid -->\n<!-- LearnDash Course Grid v1 --><div class=\"ld_course_grid col-sm-8 col-md-4 \">\n\t<article id=\"post-3468\" class=\" thumbnail course post-3468 sfwd-lessons type-sfwd-lessons status-publish hentry\">\n\t\t\t\t\t\n\t\t\t\t\t\t<a\n\t\t\t\taria-hidden=\"true\"\n\t\t\t\thref=\"https:\/\/nicam.g51test.nl\/en\/courses\/seks-discriminatie-drugs-alcohol-roken-en-grof-taalgebruik-2\/lessons\/drugs-alcohol-en-roken-2\/\"\n\t\t\t\ttabindex=\"-1\"\n\t\t\t>\n\t\t\t\t<img\n\t\t\t\t\talt=\"Drugs, alcohol and smoking\"\n\t\t\t\t\tsrc=\"https:\/\/nicam.g51test.nl\/wp-content\/plugins\/sfwd-lms\/includes\/course-grid\/assets\/img\/thumbnail.jpg\"\n\t\t\t\t\/>\n\t\t\t<\/a>\n\t\t\t\t\t\n\t\t\t\t\t<div class=\"caption\">\n\t\t\t\t<h3 class=\"entry-title\">Drugs, alcohol and smoking<\/h3>\n\t\t\t\t\t\t\t\t<div class=\"ld_course_grid_button\">\n\t\t\t\t\t<a\n\t\t\t\t\t\taria-label=\"See More: Drugs, alcohol and smoking\"\n\t\t\t\t\t\tclass=\"btn btn-primary\"\n\t\t\t\t\t\thref=\"https:\/\/nicam.g51test.nl\/en\/courses\/seks-discriminatie-drugs-alcohol-roken-en-grof-taalgebruik-2\/lessons\/drugs-alcohol-en-roken-2\/\"\n\t\t\t\t\t>\n\t\t\t\t\t\tSee More\t\t\t\t\t<\/a>\n\t\t\t\t<\/div>\n\t\t\t\t\t\t\t<\/div><!-- .entry-header -->\n\t\t\t<\/article><!-- #post-## -->\n<\/div><!-- .ld_course_grid -->\n<!-- LearnDash Course Grid v1 --><div class=\"ld_course_grid col-sm-8 col-md-4 \">\n\t<article id=\"post-3469\" class=\" thumbnail course post-3469 sfwd-lessons type-sfwd-lessons status-publish hentry\">\n\t\t\t\t\t\n\t\t\t\t\t\t<a\n\t\t\t\taria-hidden=\"true\"\n\t\t\t\thref=\"https:\/\/nicam.g51test.nl\/en\/courses\/seks-discriminatie-drugs-alcohol-roken-en-grof-taalgebruik-2\/lessons\/grof-taalgebruik-2\/\"\n\t\t\t\ttabindex=\"-1\"\n\t\t\t>\n\t\t\t\t<img\n\t\t\t\t\talt=\"Coarse language\"\n\t\t\t\t\tsrc=\"https:\/\/nicam.g51test.nl\/wp-content\/plugins\/sfwd-lms\/includes\/course-grid\/assets\/img\/thumbnail.jpg\"\n\t\t\t\t\/>\n\t\t\t<\/a>\n\t\t\t\t\t\n\t\t\t\t\t<div class=\"caption\">\n\t\t\t\t<h3 class=\"entry-title\">Coarse language<\/h3>\n\t\t\t\t\t\t\t\t<div class=\"ld_course_grid_button\">\n\t\t\t\t\t<a\n\t\t\t\t\t\taria-label=\"See More: Coarse language\"\n\t\t\t\t\t\tclass=\"btn btn-primary\"\n\t\t\t\t\t\thref=\"https:\/\/nicam.g51test.nl\/en\/courses\/seks-discriminatie-drugs-alcohol-roken-en-grof-taalgebruik-2\/lessons\/grof-taalgebruik-2\/\"\n\t\t\t\t\t>\n\t\t\t\t\t\tSee More\t\t\t\t\t<\/a>\n\t\t\t\t<\/div>\n\t\t\t\t\t\t\t<\/div><!-- .entry-header -->\n\t\t\t<\/article><!-- #post-## -->\n<\/div><!-- .ld_course_grid -->\n\t<\/div>\n\t\t\t<\/div>\n\t\t<\/div>\n\n<\/div>\n\n\n\n<div class=\"wp-block-column\" style=\"flex-basis:33.33%\"><div class=\"learndash-wrapper\"><a class=\"ld-login ld-login ld-login-text ld-login-button ld-button\" href=\"#login\"><span class=\"ld-icon ld-icon-login ld-icon-left\"><\/span>Login<\/a><\/div>\n<\/div>\n<\/div>\n\n\n\n<p><\/p>\n","protected":false},"excerpt":{"rendered":"<p>Welkom bij de Kijkwijzer e-learning! Via deze e-learning volg je een opleiding tot Kijkwijzercodeur. Als codeur kun je voor jouw organisatie films, series en programma\u2019s gaan classificeren aan de hand van het Kijkwijzersysteem. Met Kijkwijzer geef je leeftijdsadviezen om kinderen te beschermen tegen beelden die mogelijk schadelijke voor hen zijn. Het hoe, wat en waarom [&hellip;]<\/p>\n","protected":false},"author":1,"featured_media":0,"parent":0,"menu_order":0,"comment_status":"closed","ping_status":"open","template":"","meta":{"_acf_changed":false,"_eb_attr":"","footnotes":""},"class_list":["post-2","page","type-page","status-publish","hentry"],"acf":[],"_links":{"self":[{"href":"https:\/\/nicam.g51test.nl\/en\/wp-json\/wp\/v2\/pages\/2","targetHints":{"allow":["GET"]}}],"collection":[{"href":"https:\/\/nicam.g51test.nl\/en\/wp-json\/wp\/v2\/pages"}],"about":[{"href":"https:\/\/nicam.g51test.nl\/en\/wp-json\/wp\/v2\/types\/page"}],"author":[{"embeddable":true,"href":"https:\/\/nicam.g51test.nl\/en\/wp-json\/wp\/v2\/users\/1"}],"replies":[{"embeddable":true,"href":"https:\/\/nicam.g51test.nl\/en\/wp-json\/wp\/v2\/comments?post=2"}],"version-history":[{"count":19,"href":"https:\/\/nicam.g51test.nl\/en\/wp-json\/wp\/v2\/pages\/2\/revisions"}],"predecessor-version":[{"id":5050,"href":"https:\/\/nicam.g51test.nl\/en\/wp-json\/wp\/v2\/pages\/2\/revisions\/5050"}],"wp:attachment":[{"href":"https:\/\/nicam.g51test.nl\/en\/wp-json\/wp\/v2\/media?parent=2"}],"curies":[{"name":"wp","href":"https:\/\/api.w.org\/{rel}","templated":true}]}}